{"id":14166,"date":"2025-10-13T14:45:18","date_gmt":"2025-10-13T14:45:18","guid":{"rendered":"https:\/\/khojacar.com\/?post_type=product&#038;p=14166"},"modified":"2025-10-28T16:30:25","modified_gmt":"2025-10-28T16:30:25","slug":"citroen-c3","status":"publish","type":"product","link":"https:\/\/khojacar.com\/es\/product\/citroen-c3\/","title":{"rendered":"Citro\u00ebn C3"},"content":{"rendered":"<p data-start=\"134\" data-end=\"449\">La <strong data-start=\"137\" data-end=\"151\">Citro\u00ebn C3<\/strong> est une petite voiture urbaine au design dynamique et moderne. Compacte \u00e0 l\u2019ext\u00e9rieur mais spacieuse \u00e0 l\u2019int\u00e9rieur, elle offre un bon confort de conduite, des \u00e9quipements pratiques, et de nombreuses options de personnalisation. Elle est id\u00e9ale pour les trajets quotidiens en ville comme sur route.<\/p>\n<h3 data-start=\"307\" data-end=\"343\"><\/h3>\n\n    <div class=\"xs_social_share_widget xs_share_url after_content \t\tmain_content  wslu-style-1 wslu-share-box-shaped wslu-fill-colored wslu-none wslu-share-horizontal wslu-theme-font-no wslu-main_content\">\n\n\t\t\n        <ul>\n\t\t\t        <\/ul>\n    <\/div>","protected":false},"excerpt":{"rendered":"<p>La Citro\u00ebn C3 est une petite voiture urbaine au design dynamique et moderne. Compacte \u00e0 l\u2019ext\u00e9rieur mais spacieuse \u00e0 l\u2019int\u00e9rieur, elle offre un bon confort de conduite, des \u00e9quipements pratiques, et de nombreuses options de personnalisation. Elle est id\u00e9ale pour les trajets quotidiens en ville comme sur route.<\/p>","protected":false},"featured_media":14167,"comment_status":"open","ping_status":"closed","template":"","meta":{"inline_featured_image":false},"product_cat":[15,46,49,58,61,63,81,82],"product_tag":[],"class_list":{"0":"post-14166","1":"product","2":"type-product","3":"status-publish","4":"has-post-thumbnail","6":"product_cat-uncategorized","7":"product_cat-economy","8":"product_cat-family-trip","9":"product_cat-luxury","10":"product_cat-mid-range","11":"product_cat-modern-trip","12":"product_cat-sports","13":"product_cat-suv","15":"first","16":"instock","17":"shipping-taxable","18":"purchasable","19":"product-type-redq_rental"},"_links":{"self":[{"href":"https:\/\/khojacar.com\/es\/wp-json\/wp\/v2\/product\/14166","targetHints":{"allow":["GET"]}}],"collection":[{"href":"https:\/\/khojacar.com\/es\/wp-json\/wp\/v2\/product"}],"about":[{"href":"https:\/\/khojacar.com\/es\/wp-json\/wp\/v2\/types\/product"}],"replies":[{"embeddable":true,"href":"https:\/\/khojacar.com\/es\/wp-json\/wp\/v2\/comments?post=14166"}],"wp:featuredmedia":[{"embeddable":true,"href":"https:\/\/khojacar.com\/es\/wp-json\/wp\/v2\/media\/14167"}],"wp:attachment":[{"href":"https:\/\/khojacar.com\/es\/wp-json\/wp\/v2\/media?parent=14166"}],"wp:term":[{"taxonomy":"product_cat","embeddable":true,"href":"https:\/\/khojacar.com\/es\/wp-json\/wp\/v2\/product_cat?post=14166"},{"taxonomy":"product_tag","embeddable":true,"href":"https:\/\/khojacar.com\/es\/wp-json\/wp\/v2\/product_tag?post=14166"}],"curies":[{"name":"wp","href":"https:\/\/api.w.org\/{rel}","templated":true}]}}