{"id":14163,"date":"2025-10-13T14:36:00","date_gmt":"2025-10-13T14:36:00","guid":{"rendered":"https:\/\/khojacar.com\/?post_type=product&#038;p=14163"},"modified":"2025-10-13T14:37:05","modified_gmt":"2025-10-13T14:37:05","slug":"citroen-c%e2%80%91elysee","status":"publish","type":"product","link":"https:\/\/khojacar.com\/es\/product\/citroen-c%e2%80%91elysee\/","title":{"rendered":"Citro\u00ebn C\u2011Elys\u00e9e"},"content":{"rendered":"<p>La Citro\u00ebn C\u2011Elys\u00e9e est une berline tricorps compacte, con\u00e7ue pour offrir confort, robustesse et un bon rapport qualit\u00e9\u2011prix. Destin\u00e9e aux march\u00e9s o\u00f9 la fiabilit\u00e9, l\u2019habitabilit\u00e9 et le co\u00fbt d\u2019exploitation sont importants, elle combine des lignes classiques et un int\u00e9rieur simple mais fonctionnel.<\/p>\n\n    <div class=\"xs_social_share_widget xs_share_url after_content \t\tmain_content  wslu-style-1 wslu-share-box-shaped wslu-fill-colored wslu-none wslu-share-horizontal wslu-theme-font-no wslu-main_content\">\n\n\t\t\n        <ul>\n\t\t\t        <\/ul>\n    <\/div>","protected":false},"excerpt":{"rendered":"<p>La Citro\u00ebn C\u2011Elys\u00e9e est une berline tricorps compacte, con\u00e7ue pour offrir confort, robustesse et un bon rapport qualit\u00e9\u2011prix. Destin\u00e9e aux march\u00e9s o\u00f9 la fiabilit\u00e9, l\u2019habitabilit\u00e9 et le co\u00fbt d\u2019exploitation sont importants, elle combine des lignes classiques et un int\u00e9rieur simple mais fonctionnel.<\/p>","protected":false},"featured_media":14164,"comment_status":"open","ping_status":"closed","template":"","meta":{"inline_featured_image":false},"product_cat":[15,46,49,58,61,63,81,82],"product_tag":[],"class_list":{"0":"post-14163","1":"product","2":"type-product","3":"status-publish","4":"has-post-thumbnail","6":"product_cat-uncategorized","7":"product_cat-economy","8":"product_cat-family-trip","9":"product_cat-luxury","10":"product_cat-mid-range","11":"product_cat-modern-trip","12":"product_cat-sports","13":"product_cat-suv","15":"first","16":"instock","17":"shipping-taxable","18":"purchasable","19":"product-type-redq_rental"},"_links":{"self":[{"href":"https:\/\/khojacar.com\/es\/wp-json\/wp\/v2\/product\/14163","targetHints":{"allow":["GET"]}}],"collection":[{"href":"https:\/\/khojacar.com\/es\/wp-json\/wp\/v2\/product"}],"about":[{"href":"https:\/\/khojacar.com\/es\/wp-json\/wp\/v2\/types\/product"}],"replies":[{"embeddable":true,"href":"https:\/\/khojacar.com\/es\/wp-json\/wp\/v2\/comments?post=14163"}],"wp:featuredmedia":[{"embeddable":true,"href":"https:\/\/khojacar.com\/es\/wp-json\/wp\/v2\/media\/14164"}],"wp:attachment":[{"href":"https:\/\/khojacar.com\/es\/wp-json\/wp\/v2\/media?parent=14163"}],"wp:term":[{"taxonomy":"product_cat","embeddable":true,"href":"https:\/\/khojacar.com\/es\/wp-json\/wp\/v2\/product_cat?post=14163"},{"taxonomy":"product_tag","embeddable":true,"href":"https:\/\/khojacar.com\/es\/wp-json\/wp\/v2\/product_tag?post=14163"}],"curies":[{"name":"wp","href":"https:\/\/api.w.org\/{rel}","templated":true}]}}