{"id":14160,"date":"2025-10-13T14:32:58","date_gmt":"2025-10-13T14:32:58","guid":{"rendered":"https:\/\/khojacar.com\/?post_type=product&#038;p=14160"},"modified":"2025-10-13T14:33:16","modified_gmt":"2025-10-13T14:33:16","slug":"renault-clio-5-automatique","status":"publish","type":"product","link":"https:\/\/khojacar.com\/es\/product\/renault-clio-5-automatique\/","title":{"rendered":"Renault Clio 5 automatique"},"content":{"rendered":"<p>La Clio\u202f5 est une citadine moderne, \u00e9l\u00e9gante, dot\u00e9e d\u2019un design raffin\u00e9. Sa silhouette est fluide, avec des lignes sculpt\u00e9es, des flancs bien dessin\u00e9s et des signatures lumineuses avant et arri\u00e8re en LED. L\u2019int\u00e9rieur se veut plus haut de gamme que les g\u00e9n\u00e9rations pr\u00e9c\u00e9dentes, avec des finitions soign\u00e9es, une ambiance moderne, et souvent un grand \u00e9cran pour l\u2019info-divertissement.<\/p>\n\n    <div class=\"xs_social_share_widget xs_share_url after_content \t\tmain_content  wslu-style-1 wslu-share-box-shaped wslu-fill-colored wslu-none wslu-share-horizontal wslu-theme-font-no wslu-main_content\">\n\n\t\t\n        <ul>\n\t\t\t        <\/ul>\n    <\/div>","protected":false},"excerpt":{"rendered":"<p>La Clio\u202f5 est une citadine moderne, \u00e9l\u00e9gante, dot\u00e9e d\u2019un design raffin\u00e9. Sa silhouette est fluide, avec des lignes sculpt\u00e9es, des flancs bien dessin\u00e9s et des signatures lumineuses avant et arri\u00e8re en LED. L\u2019int\u00e9rieur se veut plus haut de gamme que les g\u00e9n\u00e9rations pr\u00e9c\u00e9dentes, avec des finitions soign\u00e9es, une ambiance moderne, et souvent un grand \u00e9cran [&hellip;]<\/p>","protected":false},"featured_media":14161,"comment_status":"open","ping_status":"closed","template":"","meta":{"inline_featured_image":false},"product_cat":[15,46,49,58,61,63,81,82],"product_tag":[],"class_list":{"0":"post-14160","1":"product","2":"type-product","3":"status-publish","4":"has-post-thumbnail","6":"product_cat-uncategorized","7":"product_cat-economy","8":"product_cat-family-trip","9":"product_cat-luxury","10":"product_cat-mid-range","11":"product_cat-modern-trip","12":"product_cat-sports","13":"product_cat-suv","15":"first","16":"instock","17":"shipping-taxable","18":"purchasable","19":"product-type-redq_rental"},"_links":{"self":[{"href":"https:\/\/khojacar.com\/es\/wp-json\/wp\/v2\/product\/14160","targetHints":{"allow":["GET"]}}],"collection":[{"href":"https:\/\/khojacar.com\/es\/wp-json\/wp\/v2\/product"}],"about":[{"href":"https:\/\/khojacar.com\/es\/wp-json\/wp\/v2\/types\/product"}],"replies":[{"embeddable":true,"href":"https:\/\/khojacar.com\/es\/wp-json\/wp\/v2\/comments?post=14160"}],"wp:featuredmedia":[{"embeddable":true,"href":"https:\/\/khojacar.com\/es\/wp-json\/wp\/v2\/media\/14161"}],"wp:attachment":[{"href":"https:\/\/khojacar.com\/es\/wp-json\/wp\/v2\/media?parent=14160"}],"wp:term":[{"taxonomy":"product_cat","embeddable":true,"href":"https:\/\/khojacar.com\/es\/wp-json\/wp\/v2\/product_cat?post=14160"},{"taxonomy":"product_tag","embeddable":true,"href":"https:\/\/khojacar.com\/es\/wp-json\/wp\/v2\/product_tag?post=14160"}],"curies":[{"name":"wp","href":"https:\/\/api.w.org\/{rel}","templated":true}]}}