{"id":14154,"date":"2025-10-13T13:47:44","date_gmt":"2025-10-13T13:47:44","guid":{"rendered":"https:\/\/khojacar.com\/?post_type=product&#038;p=14154"},"modified":"2025-10-13T14:52:03","modified_gmt":"2025-10-13T14:52:03","slug":"kia-picanto-automatic","status":"publish","type":"product","link":"https:\/\/khojacar.com\/es\/product\/kia-picanto-automatic\/","title":{"rendered":"Kia Picanto automatique"},"content":{"rendered":"<p>La Kia Picanto automatique est une petite citadine pratique pour la ville, avec une bo\u00eete automatique qui facilite la conduite en trafic et aux arr\u00eats fr\u00e9quents. Elle est maniable, compacte, \u00e9conomique et offre le strict n\u00e9cessaire : bon niveau de confort, int\u00e9rieur simple mais agr\u00e9able, et efficacit\u00e9 pour les trajets courts. Id\u00e9ale si tu veux une voiture facile \u00e0 utiliser, sans te soucier des changements de vitesses.<\/p>\n\n    <div class=\"xs_social_share_widget xs_share_url after_content \t\tmain_content  wslu-style-1 wslu-share-box-shaped wslu-fill-colored wslu-none wslu-share-horizontal wslu-theme-font-no wslu-main_content\">\n\n\t\t\n        <ul>\n\t\t\t        <\/ul>\n    <\/div>","protected":false},"excerpt":{"rendered":"<p>La Kia Picanto automatique est une petite citadine pratique pour la ville, avec une bo\u00eete automatique qui facilite la conduite en trafic et aux arr\u00eats fr\u00e9quents. Elle est maniable, compacte, \u00e9conomique et offre le strict n\u00e9cessaire : bon niveau de confort, int\u00e9rieur simple mais agr\u00e9able, et efficacit\u00e9 pour les trajets courts. Id\u00e9ale si tu veux [&hellip;]<\/p>","protected":false},"featured_media":14155,"comment_status":"open","ping_status":"closed","template":"","meta":{"inline_featured_image":false},"product_cat":[15,46,49,58,61,63,81,82],"product_tag":[],"class_list":{"0":"post-14154","1":"product","2":"type-product","3":"status-publish","4":"has-post-thumbnail","6":"product_cat-uncategorized","7":"product_cat-economy","8":"product_cat-family-trip","9":"product_cat-luxury","10":"product_cat-mid-range","11":"product_cat-modern-trip","12":"product_cat-sports","13":"product_cat-suv","15":"first","16":"instock","17":"shipping-taxable","18":"purchasable","19":"product-type-redq_rental"},"_links":{"self":[{"href":"https:\/\/khojacar.com\/es\/wp-json\/wp\/v2\/product\/14154","targetHints":{"allow":["GET"]}}],"collection":[{"href":"https:\/\/khojacar.com\/es\/wp-json\/wp\/v2\/product"}],"about":[{"href":"https:\/\/khojacar.com\/es\/wp-json\/wp\/v2\/types\/product"}],"replies":[{"embeddable":true,"href":"https:\/\/khojacar.com\/es\/wp-json\/wp\/v2\/comments?post=14154"}],"wp:featuredmedia":[{"embeddable":true,"href":"https:\/\/khojacar.com\/es\/wp-json\/wp\/v2\/media\/14155"}],"wp:attachment":[{"href":"https:\/\/khojacar.com\/es\/wp-json\/wp\/v2\/media?parent=14154"}],"wp:term":[{"taxonomy":"product_cat","embeddable":true,"href":"https:\/\/khojacar.com\/es\/wp-json\/wp\/v2\/product_cat?post=14154"},{"taxonomy":"product_tag","embeddable":true,"href":"https:\/\/khojacar.com\/es\/wp-json\/wp\/v2\/product_tag?post=14154"}],"curies":[{"name":"wp","href":"https:\/\/api.w.org\/{rel}","templated":true}]}}