{"id":14150,"date":"2025-10-13T13:41:44","date_gmt":"2025-10-13T13:41:44","guid":{"rendered":"https:\/\/khojacar.com\/?post_type=product&#038;p=14150"},"modified":"2025-10-13T13:59:48","modified_gmt":"2025-10-13T13:59:48","slug":"peugeot-2008-allure","status":"publish","type":"product","link":"https:\/\/khojacar.com\/es\/product\/peugeot-2008-allure\/","title":{"rendered":"Peugeot 2008 allure"},"content":{"rendered":"<p data-start=\"71\" data-end=\"624\">Le Peugeot 2008 Allure est un SUV compact \u00e9l\u00e9gant, alliant style et praticit\u00e9. Il se distingue par une allure soign\u00e9e : jantes alliage, finitions ext\u00e9rieures raffi\u00adn\u00e9es, barres de toit, et des \u00e9quipements de confort sup\u00e9rieurs \u00e0 ceux de base. \u00c0 l\u2019int\u00e9rieur, on y trouve un bon niveau d\u2019\u00e9quipement : \u00e9cran tactile avec connectivit\u00e9 smartphone, climatisation automatique, aides \u00e0 la conduite, et un habitacle confortable. Adapt\u00e9 tant pour les trajets urbains que les voyages, il offre un bon compromis entre performance, \u00e9conomie de carburant, et confort.<\/p>\n\n    <div class=\"xs_social_share_widget xs_share_url after_content \t\tmain_content  wslu-style-1 wslu-share-box-shaped wslu-fill-colored wslu-none wslu-share-horizontal wslu-theme-font-no wslu-main_content\">\n\n\t\t\n        <ul>\n\t\t\t        <\/ul>\n    <\/div>","protected":false},"excerpt":{"rendered":"<p>Le Peugeot 2008 Allure est un SUV compact \u00e9l\u00e9gant, alliant style et praticit\u00e9. Il se distingue par une allure soign\u00e9e : jantes alliage, finitions ext\u00e9rieures raffi\u00adn\u00e9es, barres de toit, et des \u00e9quipements de confort sup\u00e9rieurs \u00e0 ceux de base. \u00c0 l\u2019int\u00e9rieur, on y trouve un bon niveau d\u2019\u00e9quipement : \u00e9cran tactile avec connectivit\u00e9 smartphone, climatisation [&hellip;]<\/p>","protected":false},"featured_media":14151,"comment_status":"open","ping_status":"closed","template":"","meta":{"inline_featured_image":false},"product_cat":[15,46,49,58,61,63,81,82],"product_tag":[],"class_list":{"0":"post-14150","1":"product","2":"type-product","3":"status-publish","4":"has-post-thumbnail","6":"product_cat-uncategorized","7":"product_cat-economy","8":"product_cat-family-trip","9":"product_cat-luxury","10":"product_cat-mid-range","11":"product_cat-modern-trip","12":"product_cat-sports","13":"product_cat-suv","15":"first","16":"instock","17":"shipping-taxable","18":"purchasable","19":"product-type-redq_rental"},"_links":{"self":[{"href":"https:\/\/khojacar.com\/es\/wp-json\/wp\/v2\/product\/14150","targetHints":{"allow":["GET"]}}],"collection":[{"href":"https:\/\/khojacar.com\/es\/wp-json\/wp\/v2\/product"}],"about":[{"href":"https:\/\/khojacar.com\/es\/wp-json\/wp\/v2\/types\/product"}],"replies":[{"embeddable":true,"href":"https:\/\/khojacar.com\/es\/wp-json\/wp\/v2\/comments?post=14150"}],"wp:featuredmedia":[{"embeddable":true,"href":"https:\/\/khojacar.com\/es\/wp-json\/wp\/v2\/media\/14151"}],"wp:attachment":[{"href":"https:\/\/khojacar.com\/es\/wp-json\/wp\/v2\/media?parent=14150"}],"wp:term":[{"taxonomy":"product_cat","embeddable":true,"href":"https:\/\/khojacar.com\/es\/wp-json\/wp\/v2\/product_cat?post=14150"},{"taxonomy":"product_tag","embeddable":true,"href":"https:\/\/khojacar.com\/es\/wp-json\/wp\/v2\/product_tag?post=14150"}],"curies":[{"name":"wp","href":"https:\/\/api.w.org\/{rel}","templated":true}]}}