{"id":14137,"date":"2025-10-13T13:20:38","date_gmt":"2025-10-13T13:20:38","guid":{"rendered":"https:\/\/khojacar.com\/?post_type=product&#038;p=14137"},"modified":"2025-10-28T16:34:55","modified_gmt":"2025-10-28T16:34:55","slug":"peugt-308-gt-line","status":"publish","type":"product","link":"https:\/\/khojacar.com\/es\/product\/peugt-308-gt-line\/","title":{"rendered":"Peugeot 308 Gt line"},"content":{"rendered":"<p>La Peugeot 308 GT Line se distingue par son design raffin\u00e9 et ses \u00e9quipements haut de gamme. Elle conserve les lignes \u00e9pur\u00e9es de la 308 tout en ajoutant des \u00e9l\u00e9ments sportifs tels que des jantes en alliage diamant\u00e9es, des doubles sorties d&rsquo;\u00e9chappement chrom\u00e9es et des badges GT Line sur la calandre, le hayon et les ailes avant<\/p>\n\n    <div class=\"xs_social_share_widget xs_share_url after_content \t\tmain_content  wslu-style-1 wslu-share-box-shaped wslu-fill-colored wslu-none wslu-share-horizontal wslu-theme-font-no wslu-main_content\">\n\n\t\t\n        <ul>\n\t\t\t        <\/ul>\n    <\/div>","protected":false},"excerpt":{"rendered":"<p>La Peugeot 308 GT Line se distingue par son design raffin\u00e9 et ses \u00e9quipements haut de gamme. Elle conserve les lignes \u00e9pur\u00e9es de la 308 tout en ajoutant des \u00e9l\u00e9ments sportifs tels que des jantes en alliage diamant\u00e9es, des doubles sorties d&rsquo;\u00e9chappement chrom\u00e9es et des badges GT Line sur la calandre, le hayon et les [&hellip;]<\/p>","protected":false},"featured_media":14275,"comment_status":"open","ping_status":"closed","template":"","meta":{"inline_featured_image":false},"product_cat":[15,46,49,58,61,63,81,82],"product_tag":[],"class_list":{"0":"post-14137","1":"product","2":"type-product","3":"status-publish","4":"has-post-thumbnail","6":"product_cat-uncategorized","7":"product_cat-economy","8":"product_cat-family-trip","9":"product_cat-luxury","10":"product_cat-mid-range","11":"product_cat-modern-trip","12":"product_cat-sports","13":"product_cat-suv","15":"first","16":"instock","17":"shipping-taxable","18":"purchasable","19":"product-type-redq_rental"},"_links":{"self":[{"href":"https:\/\/khojacar.com\/es\/wp-json\/wp\/v2\/product\/14137","targetHints":{"allow":["GET"]}}],"collection":[{"href":"https:\/\/khojacar.com\/es\/wp-json\/wp\/v2\/product"}],"about":[{"href":"https:\/\/khojacar.com\/es\/wp-json\/wp\/v2\/types\/product"}],"replies":[{"embeddable":true,"href":"https:\/\/khojacar.com\/es\/wp-json\/wp\/v2\/comments?post=14137"}],"wp:featuredmedia":[{"embeddable":true,"href":"https:\/\/khojacar.com\/es\/wp-json\/wp\/v2\/media\/14275"}],"wp:attachment":[{"href":"https:\/\/khojacar.com\/es\/wp-json\/wp\/v2\/media?parent=14137"}],"wp:term":[{"taxonomy":"product_cat","embeddable":true,"href":"https:\/\/khojacar.com\/es\/wp-json\/wp\/v2\/product_cat?post=14137"},{"taxonomy":"product_tag","embeddable":true,"href":"https:\/\/khojacar.com\/es\/wp-json\/wp\/v2\/product_tag?post=14137"}],"curies":[{"name":"wp","href":"https:\/\/api.w.org\/{rel}","templated":true}]}}