{"id":14133,"date":"2025-10-13T13:15:10","date_gmt":"2025-10-13T13:15:10","guid":{"rendered":"https:\/\/khojacar.com\/?post_type=product&#038;p=14133"},"modified":"2025-10-28T16:38:51","modified_gmt":"2025-10-28T16:38:51","slug":"golf-8","status":"publish","type":"product","link":"https:\/\/khojacar.com\/es\/product\/golf-8\/","title":{"rendered":"Golf 8"},"content":{"rendered":"<p>La <strong data-start=\"94\" data-end=\"115\">Volkswagen Golf 8<\/strong> est une voiture compacte moderne et polyvalente, id\u00e9ale pour la ville comme pour les longs trajets. Elle se distingue par son design \u00e9l\u00e9gant, son int\u00e9rieur high-tech avec un tableau de bord num\u00e9rique, et ses nombreuses aides \u00e0 la conduite pour plus de s\u00e9curit\u00e9. Disponible avec plusieurs motorisations performantes et \u00e9conomiques, la Golf 8 offre un excellent confort de conduite et une bonne tenue de route. C\u2019est un mod\u00e8le appr\u00e9ci\u00e9 pour sa fiabilit\u00e9 et sa qualit\u00e9 de finition.<\/p>\n\n    <div class=\"xs_social_share_widget xs_share_url after_content \t\tmain_content  wslu-style-1 wslu-share-box-shaped wslu-fill-colored wslu-none wslu-share-horizontal wslu-theme-font-no wslu-main_content\">\n\n\t\t\n        <ul>\n\t\t\t        <\/ul>\n    <\/div>","protected":false},"excerpt":{"rendered":"<p>La Volkswagen Golf 8 est une voiture compacte moderne et polyvalente, id\u00e9ale pour la ville comme pour les longs trajets. Elle se distingue par son design \u00e9l\u00e9gant, son int\u00e9rieur high-tech avec un tableau de bord num\u00e9rique, et ses nombreuses aides \u00e0 la conduite pour plus de s\u00e9curit\u00e9. Disponible avec plusieurs motorisations performantes et \u00e9conomiques, la [&hellip;]<\/p>","protected":false},"featured_media":14279,"comment_status":"open","ping_status":"closed","template":"","meta":{"inline_featured_image":false},"product_cat":[15,46,49,58,61,63,81,82],"product_tag":[],"class_list":{"0":"post-14133","1":"product","2":"type-product","3":"status-publish","4":"has-post-thumbnail","6":"product_cat-uncategorized","7":"product_cat-economy","8":"product_cat-family-trip","9":"product_cat-luxury","10":"product_cat-mid-range","11":"product_cat-modern-trip","12":"product_cat-sports","13":"product_cat-suv","15":"first","16":"instock","17":"shipping-taxable","18":"purchasable","19":"product-type-redq_rental"},"_links":{"self":[{"href":"https:\/\/khojacar.com\/es\/wp-json\/wp\/v2\/product\/14133","targetHints":{"allow":["GET"]}}],"collection":[{"href":"https:\/\/khojacar.com\/es\/wp-json\/wp\/v2\/product"}],"about":[{"href":"https:\/\/khojacar.com\/es\/wp-json\/wp\/v2\/types\/product"}],"replies":[{"embeddable":true,"href":"https:\/\/khojacar.com\/es\/wp-json\/wp\/v2\/comments?post=14133"}],"wp:featuredmedia":[{"embeddable":true,"href":"https:\/\/khojacar.com\/es\/wp-json\/wp\/v2\/media\/14279"}],"wp:attachment":[{"href":"https:\/\/khojacar.com\/es\/wp-json\/wp\/v2\/media?parent=14133"}],"wp:term":[{"taxonomy":"product_cat","embeddable":true,"href":"https:\/\/khojacar.com\/es\/wp-json\/wp\/v2\/product_cat?post=14133"},{"taxonomy":"product_tag","embeddable":true,"href":"https:\/\/khojacar.com\/es\/wp-json\/wp\/v2\/product_tag?post=14133"}],"curies":[{"name":"wp","href":"https:\/\/api.w.org\/{rel}","templated":true}]}}