{"id":13823,"date":"2025-09-16T20:47:17","date_gmt":"2025-09-16T20:47:17","guid":{"rendered":"https:\/\/khojacar.com\/?page_id=13823"},"modified":"2025-10-25T10:28:39","modified_gmt":"2025-10-25T10:28:39","slug":"about-us","status":"publish","type":"page","link":"https:\/\/khojacar.com\/en\/about-us\/","title":{"rendered":"About us"},"content":{"rendered":"<div data-elementor-type=\"wp-page\" data-elementor-id=\"13823\" class=\"elementor elementor-13823\">\n\t\t\t\t<div class=\"elementor-element elementor-element-de7f5f3 e-flex e-con-boxed e-con e-parent\" data-id=\"de7f5f3\" data-element_type=\"container\">\n\t\t\t\t\t<div class=\"e-con-inner\">\n\t\t<div class=\"elementor-element elementor-element-b21c3d8 e-con-full e-flex e-con e-child\" data-id=\"b21c3d8\" data-element_type=\"container\">\n\t\t<div class=\"elementor-element elementor-element-7ed4e31 e-con-full e-flex e-con e-child\" data-id=\"7ed4e31\" data-element_type=\"container\">\n\t\t\t\t<div class=\"elementor-element elementor-element-69c63d4 elementor-widget elementor-widget-image\" data-id=\"69c63d4\" data-element_type=\"widget\" data-widget_type=\"image.default\">\n\t\t\t\t\t\t\t\t\t\t\t\t\t\t\t<img fetchpriority=\"high\" decoding=\"async\" width=\"1487\" height=\"1536\" src=\"https:\/\/khojacar.com\/wp-content\/uploads\/2025\/10\/WhatsApp-Image-2025-10-09-at-22.32.31-1487x1536.jpeg\" class=\"attachment-1536x1536 size-1536x1536 wp-image-14201\" alt=\"\" srcset=\"https:\/\/khojacar.com\/wp-content\/uploads\/2025\/10\/WhatsApp-Image-2025-10-09-at-22.32.31-1487x1536.jpeg 1487w, https:\/\/khojacar.com\/wp-content\/uploads\/2025\/10\/WhatsApp-Image-2025-10-09-at-22.32.31-290x300.jpeg 290w, https:\/\/khojacar.com\/wp-content\/uploads\/2025\/10\/WhatsApp-Image-2025-10-09-at-22.32.31-991x1024.jpeg 991w, https:\/\/khojacar.com\/wp-content\/uploads\/2025\/10\/WhatsApp-Image-2025-10-09-at-22.32.31-768x793.jpeg 768w, https:\/\/khojacar.com\/wp-content\/uploads\/2025\/10\/WhatsApp-Image-2025-10-09-at-22.32.31-12x12.jpeg 12w, https:\/\/khojacar.com\/wp-content\/uploads\/2025\/10\/WhatsApp-Image-2025-10-09-at-22.32.31-600x620.jpeg 600w, https:\/\/khojacar.com\/wp-content\/uploads\/2025\/10\/WhatsApp-Image-2025-10-09-at-22.32.31.jpeg 1549w\" sizes=\"(max-width: 1487px) 100vw, 1487px\" \/>\t\t\t\t\t\t\t\t\t\t\t\t\t\t\t<\/div>\n\t\t\t\t<\/div>\n\t\t<div class=\"elementor-element elementor-element-48b268b e-con-full e-flex e-con e-child\" data-id=\"48b268b\" data-element_type=\"container\">\n\t\t\t\t<div class=\"elementor-element elementor-element-c345e7c elementor-widget elementor-widget-text-editor\" data-id=\"c345e7c\" data-element_type=\"widget\" data-widget_type=\"text-editor.default\">\n\t\t\t\t\t\t\t\t\t<h1 data-start=\"736\" data-end=\"846\" class=\"translation-block\">Pourquoi choisir <strong>khojacar<\/strong> ?<\/h1><p data-start=\"736\" data-end=\"846\" class=\"translation-block\">Chez <strong>khojacar<\/strong>, nous mettons \u00e0 votre disposition une flotte vari\u00e9e adapt\u00e9e \u00e0 tous vos besoins :<\/p><ul data-start=\"847\" data-end=\"1012\"><li data-start=\"847\" data-end=\"907\"><p data-start=\"849\" data-end=\"907\">\u00a0Economical cars for your daily commute<\/p><\/li><li data-start=\"908\" data-end=\"961\"><p data-start=\"910\" data-end=\"961\">\u00a0Spacious and comfortable family cars<\/p><\/li><li data-start=\"962\" data-end=\"1012\"><p data-start=\"964\" data-end=\"1012\">\u00a0Luxury cars for an exceptional journey<\/p><\/li><\/ul><p data-start=\"1014\" data-end=\"1149\">Our mission is to make your journeys pleasant and worry-free, whether you are on a business trip or on vacation in northern Morocco.<\/p>\t\t\t\t\t\t\t\t<\/div>\n\t\t\t\t<\/div>\n\t\t\t\t<\/div>\n\t\t\t\t\t<\/div>\n\t\t\t\t<\/div>\n\t\t\t\t<\/div>\n\t\t\n    <div class=\"xs_social_share_widget xs_share_url after_content \t\tmain_content  wslu-style-1 wslu-share-box-shaped wslu-fill-colored wslu-none wslu-share-horizontal wslu-theme-font-no wslu-main_content\">\n\n\t\t\n        <ul>\n\t\t\t        <\/ul>\n    <\/div>","protected":false},"excerpt":{"rendered":"<p>Pourquoi choisir khojacar ? Chez khojacar, nous mettons \u00e0 votre disposition une flotte vari\u00e9e adapt\u00e9e \u00e0 tous vos besoins : \u00a0Voitures \u00e9conomiques pour vos d\u00e9placements quotidiens \u00a0Voitures familiales spacieuses et confortables \u00a0Voitures de luxe pour un voyage d\u2019exception Notre mission est de rendre vos trajets agr\u00e9ables et sans souci, que vous soyez en voyage d\u2019affaires [&hellip;]<\/p>","protected":false},"author":1,"featured_media":0,"parent":0,"menu_order":0,"comment_status":"closed","ping_status":"closed","template":"elementor_header_footer","meta":{"inline_featured_image":false,"footnotes":""},"class_list":["post-13823","page","type-page","status-publish","hentry"],"_hostinger_reach_plugin_has_subscription_block":false,"_hostinger_reach_plugin_is_elementor":false,"_links":{"self":[{"href":"https:\/\/khojacar.com\/en\/wp-json\/wp\/v2\/pages\/13823","targetHints":{"allow":["GET"]}}],"collection":[{"href":"https:\/\/khojacar.com\/en\/wp-json\/wp\/v2\/pages"}],"about":[{"href":"https:\/\/khojacar.com\/en\/wp-json\/wp\/v2\/types\/page"}],"author":[{"embeddable":true,"href":"https:\/\/khojacar.com\/en\/wp-json\/wp\/v2\/users\/1"}],"replies":[{"embeddable":true,"href":"https:\/\/khojacar.com\/en\/wp-json\/wp\/v2\/comments?post=13823"}],"version-history":[{"count":27,"href":"https:\/\/khojacar.com\/en\/wp-json\/wp\/v2\/pages\/13823\/revisions"}],"predecessor-version":[{"id":14255,"href":"https:\/\/khojacar.com\/en\/wp-json\/wp\/v2\/pages\/13823\/revisions\/14255"}],"wp:attachment":[{"href":"https:\/\/khojacar.com\/en\/wp-json\/wp\/v2\/media?parent=13823"}],"curies":[{"name":"wp","href":"https:\/\/api.w.org\/{rel}","templated":true}]}}